{"id":15296,"date":"2026-03-10T15:04:43","date_gmt":"2026-03-10T15:04:43","guid":{"rendered":"https:\/\/arrowtradenv.com\/product\/kent-boringer-karamel-koffiesiroop-355-ml\/"},"modified":"2026-03-10T15:04:43","modified_gmt":"2026-03-10T15:04:43","slug":"kent-boringer-karamel-koffiesiroop-355-ml","status":"publish","type":"product","link":"https:\/\/arrowtradenv.com\/nl\/product\/kent-boringer-karamel-koffiesiroop-355-ml\/","title":{"rendered":"Kent Boringer Karamel Koffiesiroop \u2013 355 ml"},"content":{"rendered":"<p>Kent Boringer Karamel Koffiesiroop voegt een zachte en romige karamelsmaak toe aan uw favoriete koffiedranken. Deze siroop is speciaal ontwikkeld voor caf\u00e9s, restaurants en koffieliefhebbers en mengt perfect in zowel warme als koude dranken.<\/p>\n<p>Of het nu gaat om lattes, cappuccino\u2019s, ijskoffie, frapp\u00e9s of melkdranken, deze karamelsiroop verrijkt elke drank met een gebalanceerde zoetheid en een warme karamelsmaak. Dankzij de gladde textuur kan de siroop ook gebruikt worden als topping voor desserts zoals pannenkoeken, wafels en ijs.<\/p>\n<p>Kent Boringer Karamel Koffiesiroop is ideaal voor zowel professionele barista\u2019s als thuisgebruik en maakt van elke koffiedrank een heerlijke ervaring.<\/p>\n<p><strong>Kenmerken:<\/strong><\/p>\n<p>Rijke en romige karamelsmaak<br \/>\nPerfect voor koffiedranken en specialty drinks<br \/>\nGladde textuur voor eenvoudig mengen<br \/>\nIdeaal voor caf\u00e9s, restaurants en thuisgebruik<\/p>\n<p>Verpakking: 355 ml bottle<\/p>\n","protected":false},"excerpt":{"rendered":"<p>Kent Boringer Koffiesiroop \u2013 Karamel voegt een zachte, romige karamelsmaak toe aan uw favoriete koffiedranken. Perfect voor caf\u00e9s, restaurants en thuisgebruik, mengt het gemakkelijk in lattes, cappuccino&#8217;s, ijskoffie en frapp\u00e9s voor een rijke caf\u00e9-smaak De zijdezachte textuur maakt het ook ideaal als topping voor pannenkoeken, wafels en ijs, waardoor alledaagse lekkernijen veranderen in verwenmomenten.<\/p>\n","protected":false},"featured_media":15294,"comment_status":"open","ping_status":"closed","template":"","meta":[],"product_brand":[117],"product_cat":[80],"product_tag":[],"class_list":{"0":"post-15296","1":"product","2":"type-product","3":"status-publish","4":"has-post-thumbnail","6":"product_brand-kent-boringer","7":"product_cat-siropen-sauzen","9":"first","10":"instock","11":"shipping-taxable","12":"product-type-simple"},"_links":{"self":[{"href":"https:\/\/arrowtradenv.com\/nl\/wp-json\/wp\/v2\/product\/15296","targetHints":{"allow":["GET"]}}],"collection":[{"href":"https:\/\/arrowtradenv.com\/nl\/wp-json\/wp\/v2\/product"}],"about":[{"href":"https:\/\/arrowtradenv.com\/nl\/wp-json\/wp\/v2\/types\/product"}],"replies":[{"embeddable":true,"href":"https:\/\/arrowtradenv.com\/nl\/wp-json\/wp\/v2\/comments?post=15296"}],"wp:featuredmedia":[{"embeddable":true,"href":"https:\/\/arrowtradenv.com\/nl\/wp-json\/wp\/v2\/media\/15294"}],"wp:attachment":[{"href":"https:\/\/arrowtradenv.com\/nl\/wp-json\/wp\/v2\/media?parent=15296"}],"wp:term":[{"taxonomy":"product_brand","embeddable":true,"href":"https:\/\/arrowtradenv.com\/nl\/wp-json\/wp\/v2\/product_brand?post=15296"},{"taxonomy":"product_cat","embeddable":true,"href":"https:\/\/arrowtradenv.com\/nl\/wp-json\/wp\/v2\/product_cat?post=15296"},{"taxonomy":"product_tag","embeddable":true,"href":"https:\/\/arrowtradenv.com\/nl\/wp-json\/wp\/v2\/product_tag?post=15296"}],"curies":[{"name":"wp","href":"https:\/\/api.w.org\/{rel}","templated":true}]}}