{"id":14789,"date":"2026-02-16T19:31:25","date_gmt":"2026-02-16T19:31:25","guid":{"rendered":"https:\/\/arrowtradenv.com\/product\/tb-1013\/"},"modified":"2026-02-16T20:24:14","modified_gmt":"2026-02-16T20:24:14","slug":"tb-1013","status":"publish","type":"product","link":"https:\/\/arrowtradenv.com\/nl\/product\/tb-1013\/","title":{"rendered":"TB-101+3"},"content":{"rendered":"<p>De TB-101+3 is een volautomatische koffiemachine van commerci\u00eble kwaliteit, ontwikkeld voor professionele omgevingen waar prestaties, betrouwbaarheid en smaak centraal staan. Ideaal voor kantoren, hotels, caf\u00e9s en andere hospitality-omgevingen.<\/p>\n<p>Met een verstelbare koffie-uitloop en slimme meldingen bij een tekort aan water of bonen, is deze machine ontworpen voor optimaal gebruiksgemak en effici\u00ebntie. De TB-101+3 combineert stijl, kracht en functionaliteit en is d\u00e9 oplossing voor bedrijven die hoogwaardige koffie willen aanbieden.<\/p>\n<p>Dankzij het kleurentouchscreen is de bediening eenvoudig en intu\u00eftief. Het ge\u00efntegreerde melkopschuimsysteem zorgt voor romige cappuccino\u2019s en latte\u2019s, terwijl het hogedruk extractiesysteem garant staat voor een volle smaak en constante kwaliteit per kop<\/p>\n<p>Met een verstelbare koffie-uitloop en slimme meldingen bij een tekort aan water of bonen, is deze machine ontworpen voor optimaal gebruiksgemak en effici\u00ebntie. De TB-101+3 combineert stijl, kracht en functionaliteit en is d\u00e9 oplossing voor bedrijven die hoogwaardige koffie willen aanbieden.<\/p>\n<p><strong>Specificaties:<\/strong><\/p>\n<ul>\n<li><strong>Capaciteit:<\/strong> 3,5 liter<\/li>\n<li><strong>Vermogen:<\/strong> 1300 W<\/li>\n<li><strong>Voltage:<\/strong> 220\u2013240 V<\/li>\n<li><strong>Zetsysteem:<\/strong> 9,5\u201313,5g Eigen Zetmethode<\/li>\n<\/ul>\n<p><strong>Functies:<\/strong><\/p>\n<ol>\n<li>Kleurentouchscreen<\/li>\n<li>Ge\u00efntegreerd melkopschuimsysteem<\/li>\n<li>Hogedruk extractie voor barista-kwaliteit<\/li>\n<li>In hoogte verstelbare koffie-uitloop<\/li>\n<li>Automatische melding bij tekort aan water of bonen<\/li>\n<li>Verlichting bij de uitloop<\/li>\n<\/ol>\n","protected":false},"excerpt":{"rendered":"<p data-start=\"0\" data-end=\"273\">De <strong data-start=\"4\" data-end=\"16\">TB-101+3<\/strong> is een volautomatische koffiemachine van commerci\u00eble kwaliteit, ontworpen voor kantoren, hotels, caf\u00e9s en horeca gelegenheden. Hij is voorzien van een touchscreen, een ge\u00efntegreerd met een melk schuim systeem en een hogedruk extractie voor rijke koffie van barista kwaliteit. Met zijn instelbare uitloop hoogte en slimme waarschuwingen voor te weinig water\/bonen levert hij effici\u00ebntie, consistentie en gebruiksgemak, perfect voor bedrijven die kwaliteit op grote schaal eisen.<\/p>\n","protected":false},"featured_media":14788,"comment_status":"open","ping_status":"closed","template":"","meta":[],"product_brand":[99],"product_cat":[78],"product_tag":[],"class_list":{"0":"post-14789","1":"product","2":"type-product","3":"status-publish","4":"has-post-thumbnail","6":"product_brand-the-coffee-box","7":"product_cat-horeca-equipment","9":"first","10":"instock","11":"shipping-taxable","12":"product-type-simple"},"_links":{"self":[{"href":"https:\/\/arrowtradenv.com\/nl\/wp-json\/wp\/v2\/product\/14789","targetHints":{"allow":["GET"]}}],"collection":[{"href":"https:\/\/arrowtradenv.com\/nl\/wp-json\/wp\/v2\/product"}],"about":[{"href":"https:\/\/arrowtradenv.com\/nl\/wp-json\/wp\/v2\/types\/product"}],"replies":[{"embeddable":true,"href":"https:\/\/arrowtradenv.com\/nl\/wp-json\/wp\/v2\/comments?post=14789"}],"wp:featuredmedia":[{"embeddable":true,"href":"https:\/\/arrowtradenv.com\/nl\/wp-json\/wp\/v2\/media\/14788"}],"wp:attachment":[{"href":"https:\/\/arrowtradenv.com\/nl\/wp-json\/wp\/v2\/media?parent=14789"}],"wp:term":[{"taxonomy":"product_brand","embeddable":true,"href":"https:\/\/arrowtradenv.com\/nl\/wp-json\/wp\/v2\/product_brand?post=14789"},{"taxonomy":"product_cat","embeddable":true,"href":"https:\/\/arrowtradenv.com\/nl\/wp-json\/wp\/v2\/product_cat?post=14789"},{"taxonomy":"product_tag","embeddable":true,"href":"https:\/\/arrowtradenv.com\/nl\/wp-json\/wp\/v2\/product_tag?post=14789"}],"curies":[{"name":"wp","href":"https:\/\/api.w.org\/{rel}","templated":true}]}}